{"id":717,"date":"2025-01-15T22:57:59","date_gmt":"2025-01-15T22:57:59","guid":{"rendered":"https:\/\/globetrottersinsurance.com\/?page_id=717"},"modified":"2025-04-16T23:11:40","modified_gmt":"2025-04-16T23:11:40","slug":"politikbestatigung","status":"publish","type":"page","link":"https:\/\/globetrottersinsurance.com\/de\/politikbestatigung\/","title":{"rendered":"Best\u00e4tigung der Politik"},"content":{"rendered":"<style>.kb-row-layout-id717_fb80c5-cd > .kt-row-column-wrap{align-content:start;}:where(.kb-row-layout-id717_fb80c5-cd > .kt-row-column-wrap) > .wp-block-kadence-column{justify-content:start;}.kb-row-layout-id717_fb80c5-cd > .kt-row-column-wrap{column-gap:var(--global-kb-gap-md, 2rem);row-gap:var(--global-kb-gap-md, 2rem);max-width:600px;margin-left:auto;margin-right:auto;padding-top:200px;padding-right:0px;padding-bottom:140px;padding-left:0px;grid-template-columns:minmax(0, 1fr);}.kb-row-layout-id717_fb80c5-cd > .kt-row-layout-overlay{opacity:0.00;background-color:var(--global-palette9, #ffffff);mix-blend-mode:normal;}@media all and (max-width: 1024px){.kb-row-layout-id717_fb80c5-cd > .kt-row-column-wrap{grid-template-columns:minmax(0, 1fr);}}@media all and (max-width: 767px){.kb-row-layout-id717_fb80c5-cd > .kt-row-column-wrap{padding-top:120px;padding-right:15px;padding-bottom:60px;padding-left:15px;grid-template-columns:minmax(0, 1fr);}}<\/style><div class=\"kb-row-layout-wrap kb-row-layout-id717_fb80c5-cd alignfull has-theme-palette1-background-color kt-row-has-bg wp-block-kadence-rowlayout\"><div class=\"kt-row-layout-overlay kt-row-overlay-normal\"><\/div><div class=\"kt-row-column-wrap kt-has-1-columns kt-row-layout-equal kt-tab-layout-inherit kt-mobile-layout-row kt-row-valign-top\">\n<style>.kadence-column717_4005d9-1c > .kt-inside-inner-col{padding-top:10px;padding-right:10px;padding-bottom:10px;padding-left:10px;}.kadence-column717_4005d9-1c > .kt-inside-inner-col,.kadence-column717_4005d9-1c > .kt-inside-inner-col:before{border-top-left-radius:0px;border-top-right-radius:0px;border-bottom-right-radius:0px;border-bottom-left-radius:0px;}.kadence-column717_4005d9-1c > .kt-inside-inner-col{column-gap:var(--global-kb-gap-sm, 1rem);}.kadence-column717_4005d9-1c > .kt-inside-inner-col{flex-direction:column;}.kadence-column717_4005d9-1c > .kt-inside-inner-col > .aligncenter{width:100%;}.kadence-column717_4005d9-1c > .kt-inside-inner-col:before{opacity:0.3;}.kadence-column717_4005d9-1c{position:relative;}@media all and (max-width: 1024px){.kadence-column717_4005d9-1c > .kt-inside-inner-col{flex-direction:column;justify-content:center;}}@media all and (max-width: 767px){.kadence-column717_4005d9-1c > .kt-inside-inner-col{flex-direction:column;justify-content:center;}}<\/style>\n<div class=\"wp-block-kadence-column kadence-column717_4005d9-1c inner-column-1\"><div class=\"kt-inside-inner-col\"><style>.wp-block-kadence-advancedheading.kt-adv-heading717_83a664-2d, .wp-block-kadence-advancedheading.kt-adv-heading717_83a664-2d[data-kb-block=\"kb-adv-heading717_83a664-2d\"]{margin-bottom:26px;text-align:center;font-size:var(--global-kb-font-size-xl, 3rem);line-height:65px;font-style:normal;}.wp-block-kadence-advancedheading.kt-adv-heading717_83a664-2d mark.kt-highlight, .wp-block-kadence-advancedheading.kt-adv-heading717_83a664-2d[data-kb-block=\"kb-adv-heading717_83a664-2d\"] mark.kt-highlight{font-style:normal;color:#f76a0c;-webkit-box-decoration-break:clone;box-decoration-break:clone;padding-top:0px;padding-right:0px;padding-bottom:0px;padding-left:0px;}@media all and (max-width: 767px){.wp-block-kadence-advancedheading.kt-adv-heading717_83a664-2d, .wp-block-kadence-advancedheading.kt-adv-heading717_83a664-2d[data-kb-block=\"kb-adv-heading717_83a664-2d\"]{font-size:32px;line-height:36px;}}<\/style>\n<h1 class=\"kt-adv-heading717_83a664-2d wp-block-kadence-advancedheading has-theme-palette-9-color has-text-color\" data-kb-block=\"kb-adv-heading717_83a664-2d\">Herzlichen Gl\u00fcckwunsch, Sie haben Ihre Police abgeschlossen<\/h1>\n\n\n<style>.wp-block-kadence-advancedheading.kt-adv-heading717_c0f645-1d, .wp-block-kadence-advancedheading.kt-adv-heading717_c0f645-1d[data-kb-block=\"kb-adv-heading717_c0f645-1d\"]{margin-bottom:40px;text-align:center;font-size:28px;font-style:normal;}.wp-block-kadence-advancedheading.kt-adv-heading717_c0f645-1d mark.kt-highlight, .wp-block-kadence-advancedheading.kt-adv-heading717_c0f645-1d[data-kb-block=\"kb-adv-heading717_c0f645-1d\"] mark.kt-highlight{font-style:normal;color:#f76a0c;-webkit-box-decoration-break:clone;box-decoration-break:clone;padding-top:0px;padding-right:0px;padding-bottom:0px;padding-left:0px;}<\/style>\n<p class=\"kt-adv-heading717_c0f645-1d wp-block-kadence-advancedheading has-theme-palette-9-color has-text-color\" data-kb-block=\"kb-adv-heading717_c0f645-1d\">In Ihrer E-Mail finden Sie Ihre Best\u00e4tigung, die Versicherungskarte und die Kontaktdaten der Schadensabteilung.<\/p>\n<\/div><\/div>\n\n<\/div><\/div>\n\n\n<p><\/p>","protected":false},"excerpt":{"rendered":"<p>Herzlichen Gl\u00fcckwunsch, Sie haben Ihre Versicherung abgeschlossen. Bitte pr\u00fcfen Sie Ihre E-Mail auf Ihre Best\u00e4tigung, Ihre Versicherungskarte und die Kontaktinformationen f\u00fcr die Schadensabteilung.<\/p>","protected":false},"author":1,"featured_media":0,"parent":0,"menu_order":0,"comment_status":"closed","ping_status":"closed","template":"","meta":{"_uag_custom_page_level_css":"","_kad_post_transparent":"default","_kad_post_title":"hide","_kad_post_layout":"fullwidth","_kad_post_sidebar_id":"","_kad_post_content_style":"unboxed","_kad_post_vertical_padding":"","_kad_post_feature":"","_kad_post_feature_position":"","_kad_post_header":true,"_kad_post_footer":true,"footnotes":""},"class_list":["post-717","page","type-page","status-publish","hentry"],"aioseo_notices":[],"uagb_featured_image_src":{"full":false,"thumbnail":false,"medium":false,"medium_large":false,"large":false,"1536x1536":false,"2048x2048":false,"trp-custom-language-flag":false},"uagb_author_info":{"display_name":"Globetrotters Insurance","author_link":"https:\/\/globetrottersinsurance.com\/de\/author\/salesglobetrottersinsurance-com\/"},"uagb_comment_info":0,"uagb_excerpt":"Congratulations you&#8217;ve purchased your policy Please check your email for your confirmation, policy card and contact information for the claims department.","_links":{"self":[{"href":"https:\/\/globetrottersinsurance.com\/de\/wp-json\/wp\/v2\/pages\/717","targetHints":{"allow":["GET"]}}],"collection":[{"href":"https:\/\/globetrottersinsurance.com\/de\/wp-json\/wp\/v2\/pages"}],"about":[{"href":"https:\/\/globetrottersinsurance.com\/de\/wp-json\/wp\/v2\/types\/page"}],"author":[{"embeddable":true,"href":"https:\/\/globetrottersinsurance.com\/de\/wp-json\/wp\/v2\/users\/1"}],"replies":[{"embeddable":true,"href":"https:\/\/globetrottersinsurance.com\/de\/wp-json\/wp\/v2\/comments?post=717"}],"version-history":[{"count":5,"href":"https:\/\/globetrottersinsurance.com\/de\/wp-json\/wp\/v2\/pages\/717\/revisions"}],"predecessor-version":[{"id":942,"href":"https:\/\/globetrottersinsurance.com\/de\/wp-json\/wp\/v2\/pages\/717\/revisions\/942"}],"wp:attachment":[{"href":"https:\/\/globetrottersinsurance.com\/de\/wp-json\/wp\/v2\/media?parent=717"}],"curies":[{"name":"wp","href":"https:\/\/api.w.org\/{rel}","templated":true}]}}